{"id":5535,"date":"2025-02-12T10:49:58","date_gmt":"2025-02-12T10:49:58","guid":{"rendered":"https:\/\/peruesim.com\/?page_id=5535"},"modified":"2025-04-03T09:50:39","modified_gmt":"2025-04-03T09:50:39","slug":"bitel","status":"publish","type":"page","link":"https:\/\/peruesim.com\/es\/tarjeta-sim\/bitel\/","title":{"rendered":"Los Mejores Planes de Tarjeta SIM Bitel para Turistas en Per\u00fa"},"content":{"rendered":"\n<p>\u00bfViajas a Per\u00fa y necesitas una tarjeta SIM fiable con acceso a Internet de alta velocidad? \u00a1No busques m\u00e1s all\u00e1 de la tarjeta SIM Bitel! M\u00e1s informaci\u00f3n sobre precios, planes de datos, \u00e1reas de cobertura, y d\u00f3nde comprar una SIM de datos Bitel se puede encontrar a continuaci\u00f3n. \u00a1Mant\u00e9n conectado y aprovecha al m\u00e1ximo su viaje a Per\u00fa con Bitel!<\/p>\n\n\n\n<figure class=\"wp-block-image size-large\"><img decoding=\"async\" width=\"1024\" height=\"683\" src=\"https:\/\/peruesim.com\/wp-content\/uploads\/sites\/29\/2025\/04\/bitel-tarjeta-sim-1024x683.jpg\" alt=\"tarjeta sim de bitel\" class=\"wp-image-5533\" srcset=\"https:\/\/peruesim.com\/wp-content\/uploads\/sites\/29\/2025\/04\/bitel-tarjeta-sim-1024x683.jpg 1024w, https:\/\/peruesim.com\/wp-content\/uploads\/sites\/29\/2025\/04\/bitel-tarjeta-sim-300x200.jpg 300w, https:\/\/peruesim.com\/wp-content\/uploads\/sites\/29\/2025\/04\/bitel-tarjeta-sim-768x512.jpg 768w, https:\/\/peruesim.com\/wp-content\/uploads\/sites\/29\/2025\/04\/bitel-tarjeta-sim-510x340.jpg 510w, https:\/\/peruesim.com\/wp-content\/uploads\/sites\/29\/2025\/04\/bitel-tarjeta-sim.jpg 1200w\" sizes=\"(max-width: 1024px) 100vw, 1024px\" \/><\/figure>\n\n\n\n<div class=\"wp-block-rank-math-toc-block\" id=\"rank-math-toc\"><h2>Table of Contents<\/h2><nav><div><div><a href=\"#i-debo-comprar-una-tarjeta-sim-de-bitel-para-mi-viaje-a-peru\">I. \u00bfDebo comprar una tarjeta SIM de Bitel para mi viaje a Per\u00fa?<\/a><\/div><div><a href=\"#ii-best-bitel-sim-card-plans-for-tourists\">II. Best Bitel SIM card plans for tourists<\/a><\/div><div><a href=\"#iii-soporta-bitel-el-servicio-e-sim\">III. \u00bfSoporta Bitel el Servicio eSIM?<\/a><\/div><div><a href=\"#iv-donde-se-puede-conseguir-una-sim-de-viaje-y-una-e-sim-de-bitel\">IV. \u00bfD\u00f3nde Se Puede Conseguir una SIM de Viaje y una eSIM de Bitel?<\/a><\/div><div><a href=\"#v-como-utilizar-la-sim-bitel-y-la-e-sim\">V. C\u00f3mo Utilizar la SIM Bitel y la eSIM<\/a><\/div><div><a href=\"#vi-palabras-finales\">VI. Palabras finales<\/a><\/div><\/div><\/nav><\/div>\n\n\n\n<h2 class=\"wp-block-heading\" id=\"i-debo-comprar-una-tarjeta-sim-de-bitel-para-mi-viaje-a-peru\">I. \u00bfDebo comprar una tarjeta SIM de Bitel para mi viaje a Per\u00fa?<\/h2>\n\n\n\n<p>S\u00ed, el uso de una tarjeta SIM de Bitel &#8211; uno de los operadores de telefon\u00eda m\u00f3vil m\u00e1s fiables de Per\u00fa es una de las maneras m\u00e1s eficaces para mantenerse conectado en Per\u00fa. He aqu\u00ed por qu\u00e9:<\/p>\n\n\n\n<ul>\n<li><strong>Amplia cobertura:<\/strong> Bitel proporciona una amplia cobertura de red en todo Per\u00fa, garantizando una conectividad fiable incluso en zonas remotas. Este amplio alcance es particularmente beneficioso para los viajeros que exploran diversas regiones del pa\u00eds.<\/li>\n\n\n\n<li><strong>Planes asequibles:<\/strong> Conocido por sus precios competitivos, Bitel ofrece una gama de planes rentables de prepago y pospago. Estos planes cubren diversas necesidades de datos y comunicaciones, facilitando a los usuarios estar conectados sin gastar m\u00e1s de la cuenta.<\/li>\n\n\n\n<li><strong>Mejora de la experiencia de red:<\/strong> Bitel se esfuerza continuamente por mejorar el rendimiento de su red. Seg\u00fan el Informe de Experiencia de Red M\u00f3vil de Opensignal, Bitel obtuvo una puntuaci\u00f3n de 53,5 puntos, lo que refleja su compromiso con la mejora de la experiencia del usuario.<\/li>\n<\/ul>\n\n\n<div class=\"wp-block-image\">\n<figure class=\"aligncenter size-large\"><img decoding=\"async\" width=\"1024\" height=\"277\" src=\"https:\/\/peruesim.com\/wp-content\/uploads\/sites\/29\/2025\/03\/Bitel-coverage-1024x277.jpg\" alt=\"Bitel coverage\" class=\"wp-image-4419\" srcset=\"https:\/\/peruesim.com\/wp-content\/uploads\/sites\/29\/2025\/03\/Bitel-coverage-1024x277.jpg 1024w, https:\/\/peruesim.com\/wp-content\/uploads\/sites\/29\/2025\/03\/Bitel-coverage-300x81.jpg 300w, https:\/\/peruesim.com\/wp-content\/uploads\/sites\/29\/2025\/03\/Bitel-coverage-768x208.jpg 768w, https:\/\/peruesim.com\/wp-content\/uploads\/sites\/29\/2025\/03\/Bitel-coverage-510x138.jpg 510w, https:\/\/peruesim.com\/wp-content\/uploads\/sites\/29\/2025\/03\/Bitel-coverage.jpg 1200w\" sizes=\"(max-width: 1024px) 100vw, 1024px\" \/><figcaption class=\"wp-element-caption\"><em>Experiencia de cobertura de Bitel (fuente: <a href=\"https:\/\/www.opensignal.com\/reports\/2025\/02\/peru\/mobile-network-experience?open_in_browser=true\" data-type=\"link\" data-id=\"https:\/\/www.opensignal.com\/reports\/2025\/02\/peru\/mobile-network-experience?open_in_browser=true\" target=\"_blank\" rel=\"noopener\">Opensignal<\/a>)<\/em><\/figcaption><\/figure><\/div>\n\n\n<h2 class=\"wp-block-heading\" id=\"ii-best-bitel-sim-card-plans-for-tourists\">II. Best Bitel SIM card plans for tourists<\/h2>\n\n\n\n<figure class=\"wp-block-table\"><table><thead><tr><th>Proveedor<\/th><th>Plan<\/th><th>Detalles<\/th><th>Validez<\/th><th>Precio (USD)<\/th><\/tr><\/thead><tbody><tr><td>Bitel<\/td><td>Plan Prepago Bitel<\/td><td>1GB de datos<br>Llamadas\/Mensajes ilimitados<br>Datos ilimitados para WhatsApp, TV 360<\/td><td>30 d\u00edas<\/td><td>2.7<\/td><\/tr><\/tbody><\/table><\/figure>\n\n\n\n<p>El plan prepago de Bitel ofrece 1GB de datos, llamadas y mensajes ilimitados, as\u00ed como datos ilimitados para aplicaciones populares, todo por un precio razonable de $2.7 con una validez de 30 d\u00edas. Este plan podr\u00eda ser una buena opci\u00f3n para aquellos que buscan un plan prepago flexible y asequible.<\/p>\n\n\n<div class=\"lazyblock-ggg-custom-block-Z1Fyq9s wp-block-lazyblock-ggg-custom-block\"><div class=\"ggg-custom-shortcode gigago-block-blue\">\n    <div class=\"ggg-shortcode-content\">\n        <p><strong>Nota importante:<\/strong> Los precios pueden variar seg\u00fan la hora y el proveedor. Comprueba la informaci\u00f3n actualizada en el sitio web de Bitel antes de realizar una compra.<\/p>    <\/div>\n<\/div><\/div>\n\n\n<h2 class=\"wp-block-heading\" id=\"iii-soporta-bitel-el-servicio-e-sim\">III. \u00bfSoporta Bitel el Servicio eSIM?<\/h2>\n\n\n\n<p>S\u00ed, Bitel soporta la tecnolog\u00eda eSIM. Los viajeros interesados en utilizar una eSIM deben comprobar si su dispositivo es compatible y confirmar la disponibilidad a trav\u00e9s de los canales oficiales de Bitel.<\/p>\n\n\n\n<p>Antes de seleccionar una eSIM, es una buena idea asegurarte de que tu dispositivo est\u00e1 desbloqueado, ya que algunos tel\u00e9fonos pueden estar restringidos a operadores espec\u00edficos. Una vez confirmado, obtener una eSIM de Bitel puede ser una forma sencilla de mantenerte conectado.<\/p>\n\n\n\n<h2 class=\"wp-block-heading\" id=\"iv-donde-se-puede-conseguir-una-sim-de-viaje-y-una-e-sim-de-bitel\">IV. \u00bfD\u00f3nde Se Puede Conseguir una SIM de Viaje y una eSIM de Bitel?<\/h2>\n\n\n\n<p>Una vez que te hayas decidido por una SIM Bitel, encontrar d\u00f3nde comprar una tarjeta SIM de Per\u00fa se convierte en el siguiente paso en tu viaje de conectividad.<\/p>\n\n\n\n<h3 class=\"wp-block-heading\" id=\"authorized-retail-locations\">1. \u00bfD\u00f3nde comprar tarjetas SIM Bitel?<\/h3>\n\n\n\n<p>Bitel ofrece diversas opciones donde los visitantes pueden encontrar y comprar tarjetas SIM f\u00e1cilmente:<\/p>\n\n\n\n<ul>\n<li><strong>En los quioscos del aeropuerto: <\/strong>Be Smart, Coolbox o Aelia Duty-Free pueden ser una soluci\u00f3n r\u00e1pida para comprar tarjetas SIM Bitel Turistas. Los precios aqu\u00ed pueden ser m\u00e1s altos que los de una tienda en el centro de la ciudad, sin embargo, los visitantes pueden conectarse f\u00e1cilmente a la red de inmediato.<\/li>\n\n\n\n<li><strong>En tiendas minoristas:<\/strong> Las SIM prepago de Bitel se pueden adquirir f\u00e1cilmente en tiendas minoristas de todo Per\u00fa. El buscador de tiendas del sitio web de Bitel te permite descubrir f\u00e1cilmente la ubicaci\u00f3n m\u00e1s cercana.<\/li>\n\n\n\n<li><strong>Tiendas oficiales Bitel:<\/strong> Las tiendas oficiales de Bitel en las principales ciudades de Per\u00fa proporcionan acceso directo a especialistas cualificados que pueden ayudarte a activar tu tarjeta SIM. Tambi\u00e9n te orientar\u00e1n a la hora de elegir el plan que mejor se adapte a la duraci\u00f3n de tu viaje y a tus necesidades de datos.<\/li>\n<\/ul>\n\n\n<div class=\"wp-block-image\">\n<figure class=\"aligncenter size-large\"><img decoding=\"async\" width=\"1024\" height=\"695\" src=\"https:\/\/peruesim.com\/wp-content\/uploads\/sites\/29\/2025\/02\/Bitel-store-1-1024x695.jpg\" alt=\"Bitel store\" class=\"wp-image-4106\" srcset=\"https:\/\/peruesim.com\/wp-content\/uploads\/sites\/29\/2025\/02\/Bitel-store-1-1024x695.jpg 1024w, https:\/\/peruesim.com\/wp-content\/uploads\/sites\/29\/2025\/02\/Bitel-store-1-300x204.jpg 300w, https:\/\/peruesim.com\/wp-content\/uploads\/sites\/29\/2025\/02\/Bitel-store-1-768x521.jpg 768w, https:\/\/peruesim.com\/wp-content\/uploads\/sites\/29\/2025\/02\/Bitel-store-1-510x346.jpg 510w, https:\/\/peruesim.com\/wp-content\/uploads\/sites\/29\/2025\/02\/Bitel-store-1.jpg 1200w\" sizes=\"(max-width: 1024px) 100vw, 1024px\" \/><figcaption class=\"wp-element-caption\">Tienda de Bitel<\/figcaption><\/figure><\/div>\n\n<div class=\"lazyblock-ggg-custom-block-Z1GvHvp wp-block-lazyblock-ggg-custom-block\"><div class=\"ggg-custom-shortcode gigago-block-blue\">\n    <div class=\"ggg-shortcode-content\">\n        <p>Obt\u00e9n m\u00e1s informaci\u00f3n con nuestra gu\u00eda <a href=\"https:\/\/peruesim.com\/es\/tarjeta-sim-aeropuerto\/\">D\u00f3nde comprar una tarjeta SIM en el aeropuerto de Lima<\/a><\/p>    <\/div>\n<\/div><\/div>\n\n\n<h3 class=\"wp-block-heading\" id=\"online-purchase-options\">2. \u00bfD\u00f3nde comprar una eSIM de Bitel?<\/h3>\n\n\n\n<p>Si est\u00e1s buscando una eSIM de Bitel, aqu\u00ed tienes una gu\u00eda que te ayudar\u00e1 a encontrar la opci\u00f3n adecuada:<\/p>\n\n\n\n<ul>\n<li><strong>Tienda Bitel <\/strong>&#8211; Visita una tienda Bitel en Per\u00fa. Encuentra la tienda m\u00e1s cercana usando su Localizador de Tiendas.<\/li>\n\n\n\n<li><strong>Proveedores internacionales de eSIM <\/strong>&#8211; Si eres un turista que visita Per\u00fa, es posible que las eSIM de Bitel no est\u00e9n disponibles para ti directamente. Sin embargo, puedes utilizar proveedores internacionales de eSIM que ofrecen planes adaptados para viajeros como eSIM Bitel de <a href=\"https:\/\/peruesim.com\/es\/\" data-type=\"page\" data-id=\"5181\">peruesim.com<\/a>.<\/li>\n<\/ul>\n\n\n\n<p>Con la eSIM Bitel de <strong>peruesim.com<\/strong>, los visitantes pueden conectarse directamente a la red m\u00f3vil local y mantener una conexi\u00f3n fluida y fiable. Estas eSIM son compatibles con la mayor\u00eda de los smartphones desbloqueados y ofrecen paquetes de datos locales o regionales.<\/p>\n\n\n\n<h2 class=\"wp-block-heading\" id=\"v-como-utilizar-la-sim-bitel-y-la-e-sim\">V. C\u00f3mo Utilizar la SIM Bitel y la eSIM<\/h2>\n\n\n\n<p>Empezar a utilizar una tarjeta SIM Bitel o eSIM no suele ser complicado, pero hay algunos pasos para asegurarte de que todo funciona correctamente.<\/p>\n\n\n\n<h3 class=\"wp-block-heading\" id=\"installing-a-physical-sim-card\">Instalaci\u00f3n de una tarjeta SIM f\u00edsica<\/h3>\n\n\n\n<p>Si optas por una SIM f\u00edsica, el proceso comienza con la inserci\u00f3n de la tarjeta SIM en tu dispositivo. La mayor\u00eda de los smartphones tienen una bandeja para tarjetas SIM a la que se accede mediante un peque\u00f1o pasador.<\/p>\n\n\n\n<p>Despu\u00e9s de insertar la tarjeta, enciende el dispositivo. Dependiendo de los ajustes de tu tel\u00e9fono, puede que tengas que configurar manualmente los ajustes de datos m\u00f3viles. Una vez configurada, puedes empezar a hacer llamadas, enviar mensajes de texto y navegar por Internet.<\/p>\n\n\n\n<h3 class=\"wp-block-heading\" id=\"activating-an-e-sim\">Activar una eSIM<\/h3>\n\n\n\n<p>Para aquellos que eligen una eSIM, la activaci\u00f3n puede implicar escanear un c\u00f3digo QR proporcionado por Bitel. Esto se hace normalmente en el men\u00fa de configuraci\u00f3n de su dispositivo en la secci\u00f3n de configuraci\u00f3n celular.<\/p>\n\n\n\n<p>Una vez escaneado, el tel\u00e9fono deber\u00eda cambiar a la red de Bitel sin problemas. Aseg\u00farate de que tu dispositivo est\u00e1 conectado a Wi-Fi inicialmente, ya que la descarga del perfil eSIM puede requerir una conexi\u00f3n a Internet estable.<\/p>\n\n\n\n<h2 class=\"wp-block-heading\" id=\"vi-palabras-finales\">VI. Palabras finales<\/h2>\n\n\n\n<p>En resumen, navegar por el panorama de la conectividad m\u00f3vil mientras viajas por Per\u00fa no tiene por qu\u00e9 ser desalentador, especialmente con una tarjeta SIM Bitel a tu servicio. Bitel no s\u00f3lo ofrece una amplia cobertura y tarifas competitivas, sino que tambi\u00e9n proporciona varias opciones que se adaptan tanto a los visitantes de corta duraci\u00f3n como a los residentes de larga duraci\u00f3n.<\/p>\n\n\n\n<p>Tanto si eliges una tarjeta SIM tradicional como si optas por la moderna tecnolog\u00eda eSIM, descubrir\u00e1s que Bitel te equipa para permanecer conectado sin problemas durante tus aventuras.<\/p>\n","protected":false},"excerpt":{"rendered":"<p>\u00bfViajas a Per\u00fa y necesitas una tarjeta SIM fiable con acceso a Internet de alta velocidad? \u00a1No busques m\u00e1s all\u00e1 de la tarjeta SIM Bitel! M\u00e1s informaci\u00f3n sobre precios, planes de datos, \u00e1reas de cobertura, y d\u00f3nde comprar una SIM de datos Bitel se puede encontrar a continuaci\u00f3n. \u00a1Mant\u00e9n conectado y aprovecha al m\u00e1ximo su [&#8230;]\n","protected":false},"author":10,"featured_media":5533,"parent":5452,"menu_order":0,"comment_status":"closed","ping_status":"closed","template":"page-right-sidebar.php","meta":{"_acf_changed":false,"inline_featured_image":false,"footnotes":""},"acf":[],"jetpack_sharing_enabled":true,"_links":{"self":[{"href":"https:\/\/peruesim.com\/es\/wp-json\/wp\/v2\/pages\/5535"}],"collection":[{"href":"https:\/\/peruesim.com\/es\/wp-json\/wp\/v2\/pages"}],"about":[{"href":"https:\/\/peruesim.com\/es\/wp-json\/wp\/v2\/types\/page"}],"author":[{"embeddable":true,"href":"https:\/\/peruesim.com\/es\/wp-json\/wp\/v2\/users\/10"}],"replies":[{"embeddable":true,"href":"https:\/\/peruesim.com\/es\/wp-json\/wp\/v2\/comments?post=5535"}],"version-history":[{"count":0,"href":"https:\/\/peruesim.com\/es\/wp-json\/wp\/v2\/pages\/5535\/revisions"}],"up":[{"embeddable":true,"href":"https:\/\/peruesim.com\/es\/wp-json\/wp\/v2\/pages\/5452"}],"wp:featuredmedia":[{"embeddable":true,"href":"https:\/\/peruesim.com\/es\/wp-json\/wp\/v2\/media\/5533"}],"wp:attachment":[{"href":"https:\/\/peruesim.com\/es\/wp-json\/wp\/v2\/media?parent=5535"}],"curies":[{"name":"wp","href":"https:\/\/api.w.org\/{rel}","templated":true}]}}