{"id":5267,"date":"2023-02-27T10:49:31","date_gmt":"2023-02-27T10:49:31","guid":{"rendered":"https:\/\/peruesim.com\/como-instalar-esim\/como-instalar-esim-en-samsung\/"},"modified":"2025-03-26T07:39:52","modified_gmt":"2025-03-26T07:39:52","slug":"samsung","status":"publish","type":"page","link":"https:\/\/peruesim.com\/es\/como-instalar-esim\/samsung\/","title":{"rendered":"C\u00f3mo Instalar eSIM en Samsung"},"content":{"rendered":"\n<div class=\"row\"  id=\"row-110862677\">\n\n\n\t<div id=\"col-677745323\" class=\"col small-12 large-12\"  >\n\t\t\t\t<div class=\"col-inner\" style=\"background-color:rgb(242, 246, 255);\" >\n\t\t\t\n\t<div class=\"is-border\"\n\t\tstyle=\"border-width:0px 0px 0px 0px;\">\n\t<\/div>\n\t\t\t\n\n\t<div id=\"text-3689909154\" class=\"text\">\n\t\t\n\n<b>Pasos a seguir:<\/b>\r\n\r\n<ol>\r\n\r\n<li><span style=\"font-weight: 400\"><strong>Instala<\/strong> tu eSIM el d\u00eda antes de salir de viaje <\/span><b>y act\u00edvalo<\/b><span style=\"font-weight: 400\"> durante tu vuelo o cuando llegues a tu destino. <\/span><\/li>\r\n\r\n<li><span style=\"font-weight: 400\"> Selecciona <\/span><b>el tipo de dispositivo<\/b><span style=\"font-weight: 400\"> en el que vas a instalar un eSIM (iPhone, Samsung, Google Pixel)<\/span><\/li>\r\n\r\n<li>Sigue la <strong>instalaci\u00f3n por c\u00f3digo QR<\/strong> si tienes el c\u00f3digo en otro dispositivo para escanear<\/li>\r\n\r\n<li>Sigue la <strong>instalaci\u00f3n manual<\/strong> si no puedes escanear el c\u00f3digo QR.<\/li>\r\n\r\n<\/ol>\n\t\t\n<style type=\"text\/css\">\n#text-3689909154 {\n  margin: 30px 30px 30px 30px;\n}\n<\/style>\n\t<\/div>\n\t\n\n\t\t<\/div>\n\t\t\t\t\n<style type=\"text\/css\">\n#col-677745323 > .col-inner {\n  padding: 20px 0px 20px 0px;\n  border-radius: 20px;\n}\n<\/style>\n\t<\/div>\n\n\t\n\n\n<style type=\"text\/css\">\n#row-110862677 > .col {\n  padding: 20px 20px 20px 20px;\n}\n#row-110862677 > .col > .col-inner {\n  border-radius: 20px;\n}\n<\/style>\n<\/div>\n\t<div id=\"text-3081763296\" class=\"text\">\n\t\t\n\n<h2 style=\"text-align: center\">Selecciona el dispositivo en el que vas a instalar una eSIM<\/h2>\n\t\t\n<style type=\"text\/css\">\n#text-3081763296 {\n  text-align: left;\n  margin: 0px 0px 0px 0px;\n}\n<\/style>\n\t<\/div>\n\t\n<div class=\"row\"  id=\"row-1730530210\">\n\n\n\t<div id=\"col-923778725\" class=\"col small-12 large-12\"  >\n\t\t\t\t<div class=\"col-inner text-center\"  >\n\t\t\t\n\t\t\t\n\n<a href=\"https:\/\/peruesim.com\/es\/como-instalar-esim\/iphone\/\" target=\"_self\" class=\"button primary is-outline lowercase\"  style=\"border-radius:99px;\">\n    <span>iPhone<\/span>\n  <\/a>\n\n\n<a href=\"https:\/\/peruesim.com\/es\/como-instalar-esim\/samsung\/\" target=\"_self\" class=\"button primary lowercase\"  style=\"border-radius:99px;\">\n    <span>Samsung<\/span>\n  <\/a>\n\n\n<a href=\"https:\/\/peruesim.com\/es\/como-instalar-esim\/google-pixel\/\" target=\"_self\" class=\"button primary is-outline lowercase\"  style=\"border-radius:51px;\">\n    <span>Google Pixel<\/span>\n  <\/a>\n\n\n\t<div id=\"text-2438751517\" class=\"text\">\n\t\t\n\nHay dos maneras de instalar una eSIM en Samsung: <strong>Instalaci\u00f3n con c\u00f3digo QR<\/strong> e <strong>Instalaci\u00f3n manual<\/strong>. Vea cada una paso a paso a continuaci\u00f3n:\n\t\t\n<style type=\"text\/css\">\n#text-2438751517 {\n  text-align: left;\n}\n<\/style>\n\t<\/div>\n\t\n\n\t\t<\/div>\n\t\t\t\t\n<style type=\"text\/css\">\n#col-923778725 > .col-inner {\n  padding: 20px 0px 0px 0px;\n}\n<\/style>\n\t<\/div>\n\n\t\n\n<\/div>\n<div class=\"row\"  id=\"row-912056181\">\n\n\n\t<div id=\"col-1022963169\" class=\"col small-12 large-12\"  >\n\t\t\t\t<div class=\"col-inner\"  >\n\t\t\t\n\t<div class=\"is-border\"\n\t\tstyle=\"border-color:rgb(34, 34, 34);border-radius:20px;border-width:1px 1px 1px 1px;margin:0px 0px 0px 0px;\">\n\t<\/div>\n\t\t\t\n\n<strong>Debes saber antes de la instalaci\u00f3n y activaci\u00f3n:<\/strong>\r\n<ul>\r\n \t<li>Aseg\u00farate de que tu dispositivo sea <strong>compatible con eSIM<\/strong> y <strong>desbloqueado por el operador<\/strong>. Verifica <a href=\"https:\/\/peruesim.com\/es\/esim-moviles-compatibles\/\">si tu tel\u00e9fono funciona con eSIM o no<\/a>.<\/li>\r\n \t<li>Debes tener el <strong>c\u00f3digo QR<\/strong> en otra pantalla o dispositivo o en un papel impreso para escanearlo con la c\u00e1mara de tu tel\u00e9fono.<\/li>\r\n \t<li>Aseg\u00farate de que tu <strong>conexi\u00f3n a Internet<\/strong> permanezca estable durante todo el proceso<\/li>\r\n \t<li>El c\u00f3digo QR o la instalaci\u00f3n manual solo se puede <strong>escanear UNA VEZ<\/strong>.<\/li>\r\n \t<li><strong>NO elimines el eSIM<\/strong> de tu dispositivo porque no se puede volver a usar.<\/li>\r\n<\/ul>\n\n\t\t<\/div>\n\t\t\t\t\n<style type=\"text\/css\">\n#col-1022963169 > .col-inner {\n  padding: 20px 20px 20px 20px;\n}\n<\/style>\n\t<\/div>\n\n\t\n\n\t<div id=\"col-1012095739\" class=\"col small-12 large-12\"  >\n\t\t\t\t<div class=\"col-inner\"  >\n\t\t\t\n\t\t\t\n\n\t<div id=\"text-2276498582\" class=\"text\">\n\t\t\n\n<h2><span style=\"font-size: 100%\">Instalaci\u00f3n con c\u00f3digo QR<\/span><\/h2>\n\t\t\n<style type=\"text\/css\">\n#text-2276498582 {\n  text-align: center;\n  margin: 0px 0px 0px 0px;\n}\n<\/style>\n\t<\/div>\n\t\n<div class=\"row\"  id=\"row-1250817101\">\n\n\n\t<div id=\"col-740308803\" class=\"col medium-4 small-12 large-4\"  >\n\t\t\t\t<div class=\"col-inner\"  >\n\t\t\t\n\t<div class=\"is-border\"\n\t\tstyle=\"border-radius:15px;border-width:1px 1px 1px 1px;margin:0px 20px 0px 20px;\">\n\t<\/div>\n\t\t\t\n\n\n\t\t<div class=\"icon-box featured-box icon-box-left text-left\"  style=\"margin:0px 0px 0px 20px;\">\n\t\t\t\t\t<div class=\"icon-box-img\" style=\"width: 20px\">\n\t\t\t\t<div class=\"icon\">\n\t\t\t\t\t<div class=\"icon-inner\" >\n\t\t\t\t\t\t<img decoding=\"async\" width=\"300\" height=\"300\" src=\"https:\/\/peruesim.com\/wp-content\/uploads\/sites\/29\/2023\/02\/tick-Vector.svg\" class=\"attachment-medium size-medium\" alt=\"\" \/>\t\t\t\t\t<\/div>\n\t\t\t\t<\/div>\n\t\t\t<\/div>\n\t\t\t\t<div class=\"icon-box-text last-reset\">\n\t\t\t\t\t\t\t\t\t\n\n<h4>Revisa tu correo electr\u00f3nico<\/h4>\r\nAbre tu correo electr\u00f3nico y encuentra el correo que te enviamos con el c\u00f3digo QR. Si no lo has recibido, cont\u00e1ctanos.\n\n\t\t<\/div>\n\t<\/div>\n\t\n\t\n\n\t\t<\/div>\n\t\t\t\t\n<style type=\"text\/css\">\n#col-740308803 > .col-inner {\n  padding: 30px 40px 55px 10px;\n  border-radius: 15px;\n}\n<\/style>\n\t<\/div>\n\n\t\n\n\t<div id=\"col-1822219929\" class=\"col medium-4 small-12 large-4\"  >\n\t\t\t\t<div class=\"col-inner\"  >\n\t\t\t\n\t<div class=\"is-border\"\n\t\tstyle=\"border-radius:15px;border-width:1px 1px 1px 1px;margin:0px 20px 0px 20px;\">\n\t<\/div>\n\t\t\t\n\n\n\t\t<div class=\"icon-box featured-box icon-box-left text-left\"  style=\"margin:0px 0px 25px 0px;\">\n\t\t\t\t\t<div class=\"icon-box-img\" style=\"width: 20px\">\n\t\t\t\t<div class=\"icon\">\n\t\t\t\t\t<div class=\"icon-inner\" >\n\t\t\t\t\t\t<img decoding=\"async\" width=\"300\" height=\"300\" src=\"https:\/\/peruesim.com\/wp-content\/uploads\/sites\/29\/2023\/02\/tick-Vector.svg\" class=\"attachment-medium size-medium\" alt=\"\" \/>\t\t\t\t\t<\/div>\n\t\t\t\t<\/div>\n\t\t\t<\/div>\n\t\t\t\t<div class=\"icon-box-text last-reset\">\n\t\t\t\t\t\t\t\t\t\n\n<h4>Abre Ajustes en tu dispositivo.<\/h4>\r\nPulsa &#8220;Conexiones&#8221; y accede a &#8220;Administrador de tarjetas SIM&#8221;. Luego, haz clic en &#8220;A\u00f1adir eSIM&#8221; para iniciar la instalaci\u00f3n.\n\n\t\t<\/div>\n\t<\/div>\n\t\n\t\n\n\t\t<\/div>\n\t\t\t\t\n<style type=\"text\/css\">\n#col-1822219929 > .col-inner {\n  padding: 30px 20px 32px 30px;\n}\n<\/style>\n\t<\/div>\n\n\t\n\n\t<div id=\"col-133765650\" class=\"col medium-4 small-12 large-4\"  >\n\t\t\t\t<div class=\"col-inner\"  >\n\t\t\t\n\t<div class=\"is-border\"\n\t\tstyle=\"border-radius:15px;border-width:1px 1px 1px 1px;margin:0px 20px 0px 20px;\">\n\t<\/div>\n\t\t\t\n\n\n\t\t<div class=\"icon-box featured-box icon-box-left text-left\"  style=\"margin:0px 0px -10px 20px;\">\n\t\t\t\t\t<div class=\"icon-box-img\" style=\"width: 20px\">\n\t\t\t\t<div class=\"icon\">\n\t\t\t\t\t<div class=\"icon-inner\" >\n\t\t\t\t\t\t<img decoding=\"async\" width=\"300\" height=\"300\" src=\"https:\/\/peruesim.com\/wp-content\/uploads\/sites\/29\/2023\/02\/tick-Vector.svg\" class=\"attachment-medium size-medium\" alt=\"\" \/>\t\t\t\t\t<\/div>\n\t\t\t\t<\/div>\n\t\t\t<\/div>\n\t\t\t\t<div class=\"icon-box-text last-reset\">\n\t\t\t\t\t\t\t\t\t\n\n<h4>Sigue los pasos de instalaci\u00f3n en tu dispositivo<\/h4>\r\nEscanea el c\u00f3digo QR para iniciar la instalaci\u00f3n. Usa nuestra gu\u00eda a continuaci\u00f3n para la configuraci\u00f3n paso a paso.\n\n\t\t<\/div>\n\t<\/div>\n\t\n\t\n\n\t\t<\/div>\n\t\t\t\t\n<style type=\"text\/css\">\n#col-133765650 > .col-inner {\n  padding: 30px 50px 39px 10px;\n}\n<\/style>\n\t<\/div>\n\n\t\n\n\n<style type=\"text\/css\">\n#row-1250817101 > .col {\n  padding: 40px 0px 0px 0px;\n}\n<\/style>\n<\/div>\n\n\t\t<\/div>\n\t\t\t\t\t<\/div>\n\n\t\n\n<\/div>\n\t<div id=\"text-1697404319\" class=\"text\">\n\t\t\n\n<h3 class=\"has-text-align-center nobotmrgn backgrounded\" style=\"text-align: center\">Pasos para instalar y activar tu eSIM<\/h3>\n\t\t\n<style type=\"text\/css\">\n#text-1697404319 {\n  text-align: center;\n  margin: 0px 0px 30px 0px;\n}\n<\/style>\n\t<\/div>\n\t\n<div class=\"row\"  id=\"row-673578276\">\n\n\n\t<div id=\"col-362801014\" class=\"col small-12 large-12\"  >\n\t\t\t\t<div class=\"col-inner\"  >\n\t\t\t\n\t\t\t\n\n<div class=\"row\"  id=\"row-740238532\">\n\n\n\t<div id=\"col-374739157\" class=\"col medium-7 small-12 large-7\"  >\n\t\t\t\t<div class=\"col-inner\"  >\n\t\t\t\n\t\t\t\n\n<ul>\r\n\r\n<li><b>Paso 1:<\/b> Ve a <b>Ajustes <\/b>&gt; <b>Conexiones <\/b>para iniciar la instalaci\u00f3n del eSIM.<\/li>\r\n\r\n<li><b>Paso 2:<\/b> Toca <b>Administrador de tarjetas SIM<\/b> (donde puedes ver las tarjetas SIM que ya est\u00e1n en tu dispositivo).<\/li>\r\n\r\n<li><b>Paso 3:<\/b> Toca <b>Agregar plan m\u00f3vil<\/b> (tu tel\u00e9fono buscar\u00e1 un plan activo con el operador ya).<\/li>\r\n\r\n<li><b>Paso 4:<\/b> Cuando se encuentre tu plan m\u00f3vil, toca <b>Escanear c\u00f3digo QR del operador<\/b> y escanea el c\u00f3digo QR usando tu c\u00e1mara.<\/li>\r\n\r\n<li><b>Paso 5:<\/b> Selecciona <b>Confirmar\/Agregar <\/b>para guardar tu perfil de eSIM (dependiendo de tu tel\u00e9fono).<\/li>\r\n\r\n<\/ul>\r\n\r\n<em>* Notas: Se adjuntar\u00e1n gu\u00edas detalladas en el correo electr\u00f3nico despu\u00e9s de la compra.<\/em>\n\n\t\t<\/div>\n\t\t\t\t\t<\/div>\n\n\t\n\n\t<div id=\"col-1674533913\" class=\"col medium-5 small-12 large-5\"  >\n\t\t\t\t<div class=\"col-inner\"  >\n\t\t\t\n\t\t\t\n\n\t<div class=\"img has-hover x md-x lg-x y md-y lg-y\" id=\"image_2049161736\">\n\t\t\t\t\t\t\t\t<div class=\"img-inner box-shadow-3 dark\" >\n\t\t\t<img decoding=\"async\" width=\"440\" height=\"864\" src=\"https:\/\/peruesim.com\/wp-content\/uploads\/sites\/29\/2023\/07\/samsung-install.gif\" class=\"attachment-original size-original\" alt=\"Samsung installation with QR code\" \/>\t\t\t\t\t\t\n\t\t\t\t\t<\/div>\n\t\t\t\t\t\t\t\t\n<style type=\"text\/css\">\n#image_2049161736 {\n  width: 90%;\n}\n@media (min-width:550px) {\n  #image_2049161736 {\n    width: 100%;\n  }\n}\n<\/style>\n\t<\/div>\n\t\n\n\n\t\t<\/div>\n\t\t\t\t\n<style type=\"text\/css\">\n#col-1674533913 > .col-inner {\n  margin: 0px 0px 0px 20px;\n}\n@media (min-width:550px) {\n  #col-1674533913 > .col-inner {\n    margin: 0px 0px 0px 0px;\n  }\n}\n<\/style>\n\t<\/div>\n\n\t\n\n<\/div>\n\n\t\t<\/div>\n\t\t\t\t\t<\/div>\n\n\t\n\n<\/div>\n\t<div id=\"text-3394290778\" class=\"text\">\n\t\t\n\n<h2 style=\"text-align: center\">Instalaci\u00f3n Manual<\/h2>\n\t\t\n<style type=\"text\/css\">\n#text-3394290778 {\n  text-align: center;\n  margin: 0px 0px 0px 0px;\n}\n<\/style>\n\t<\/div>\n\t\n<div class=\"row\"  id=\"row-412112248\">\n\n\n\t<div id=\"col-266957583\" class=\"col medium-4 small-12 large-4\"  >\n\t\t\t\t<div class=\"col-inner\"  >\n\t\t\t\n\t<div class=\"is-border\"\n\t\tstyle=\"border-radius:15px;border-width:1px 1px 1px 1px;margin:0px 20px 0px 20px;\">\n\t<\/div>\n\t\t\t\n\n\n\t\t<div class=\"icon-box featured-box icon-box-left text-left\"  >\n\t\t\t\t\t<div class=\"icon-box-img\" style=\"width: 20px\">\n\t\t\t\t<div class=\"icon\">\n\t\t\t\t\t<div class=\"icon-inner\" >\n\t\t\t\t\t\t<img decoding=\"async\" width=\"300\" height=\"300\" src=\"https:\/\/peruesim.com\/wp-content\/uploads\/sites\/29\/2023\/02\/tick-Vector.svg\" class=\"attachment-medium size-medium\" alt=\"\" \/>\t\t\t\t\t<\/div>\n\t\t\t\t<\/div>\n\t\t\t<\/div>\n\t\t\t\t<div class=\"icon-box-text last-reset\">\n\t\t\t\t\t\t\t\t\t\n\n<h4>Revisa tu correo electr\u00f3nico<\/h4>\r\nRevisa el correo electr\u00f3nico donde te enviamos el c\u00f3digo de activaci\u00f3n de Android al realizar la compra. Si no lo has recibido, cont\u00e1ctanos.\n\n\t\t<\/div>\n\t<\/div>\n\t\n\t\n\n\t\t<\/div>\n\t\t\t\t\n<style type=\"text\/css\">\n#col-266957583 > .col-inner {\n  padding: 30px 40px 40px 30px;\n  border-radius: 15px;\n}\n<\/style>\n\t<\/div>\n\n\t\n\n\t<div id=\"col-1526810537\" class=\"col medium-4 small-12 large-4\"  >\n\t\t\t\t<div class=\"col-inner\"  >\n\t\t\t\n\t<div class=\"is-border\"\n\t\tstyle=\"border-radius:15px;border-width:1px 1px 1px 1px;margin:0px 20px 0px 20px;\">\n\t<\/div>\n\t\t\t\n\n\n\t\t<div class=\"icon-box featured-box icon-box-left text-left\"  style=\"margin:0px 0px 0px 20px;\">\n\t\t\t\t\t<div class=\"icon-box-img\" style=\"width: 20px\">\n\t\t\t\t<div class=\"icon\">\n\t\t\t\t\t<div class=\"icon-inner\" >\n\t\t\t\t\t\t<img decoding=\"async\" width=\"300\" height=\"300\" src=\"https:\/\/peruesim.com\/wp-content\/uploads\/sites\/29\/2023\/02\/tick-Vector.svg\" class=\"attachment-medium size-medium\" alt=\"\" \/>\t\t\t\t\t<\/div>\n\t\t\t\t<\/div>\n\t\t\t<\/div>\n\t\t\t\t<div class=\"icon-box-text last-reset\">\n\t\t\t\t\t\t\t\t\t\n\n<h4>Abre &#8220;Ajustes&#8221; en tu dispositivo<\/h4>\r\nA continuaci\u00f3n, selecciona &#8220;Conexiones&#8221; y accede al &#8220;Administrador de tarjetas SIM&#8221;. Luego, selecciona &#8220;A\u00f1adir eSIM&#8221; para iniciar la instalaci\u00f3n.\n\n\t\t<\/div>\n\t<\/div>\n\t\n\t\n\n\t\t<\/div>\n\t\t\t\t\n<style type=\"text\/css\">\n#col-1526810537 > .col-inner {\n  padding: 30px 50px 65px 10px;\n}\n<\/style>\n\t<\/div>\n\n\t\n\n\t<div id=\"col-931687067\" class=\"col medium-4 small-12 large-4\"  >\n\t\t\t\t<div class=\"col-inner\"  >\n\t\t\t\n\t<div class=\"is-border\"\n\t\tstyle=\"border-radius:15px;border-width:1px 1px 1px 1px;margin:0px 20px 0px 20px;\">\n\t<\/div>\n\t\t\t\n\n\n\t\t<div class=\"icon-box featured-box icon-box-left text-left\"  style=\"margin:0px 0px 0px 20px;\">\n\t\t\t\t\t<div class=\"icon-box-img\" style=\"width: 20px\">\n\t\t\t\t<div class=\"icon\">\n\t\t\t\t\t<div class=\"icon-inner\" >\n\t\t\t\t\t\t<img decoding=\"async\" width=\"300\" height=\"300\" src=\"https:\/\/peruesim.com\/wp-content\/uploads\/sites\/29\/2023\/02\/tick-Vector.svg\" class=\"attachment-medium size-medium\" alt=\"\" \/>\t\t\t\t\t<\/div>\n\t\t\t\t<\/div>\n\t\t\t<\/div>\n\t\t\t\t<div class=\"icon-box-text last-reset\">\n\t\t\t\t\t\t\t\t\t\n\n<h4>Sigue los pasos de instalaci\u00f3n en tu dispositivo<\/h4>\r\nSelecciona &#8220;Escanear QR del proveedor de servicios&#8221; y pulsa &#8220;Introducir c\u00f3digo de activaci\u00f3n&#8221;. Sigue los pasos en tu dispositivo.\n\n\t\t<\/div>\n\t<\/div>\n\t\n\t\n\n\t\t<\/div>\n\t\t\t\t\n<style type=\"text\/css\">\n#col-931687067 > .col-inner {\n  padding: 30px 50px 39px 10px;\n}\n<\/style>\n\t<\/div>\n\n\t\n\n\n<style type=\"text\/css\">\n#row-412112248 > .col {\n  padding: 40px 0px 0px 0px;\n}\n<\/style>\n<\/div>\n\t<div id=\"text-2320927182\" class=\"text\">\n\t\t\n\n<h3 class=\"has-text-align-center nobotmrgn backgrounded\" style=\"text-align: center\">Steps to install your eSIM manually<\/h3>\n\t\t\n<style type=\"text\/css\">\n#text-2320927182 {\n  text-align: center;\n  margin: 40px 0px 30px 0px;\n}\n<\/style>\n\t<\/div>\n\t\n<div class=\"row\"  id=\"row-597388682\">\n\n\n\t<div id=\"col-1124472271\" class=\"col medium-7 small-12 large-7\"  >\n\t\t\t\t<div class=\"col-inner\"  >\n\t\t\t\n\t\t\t\n\n<ul>\r\n\r\n<li style=\"font-weight: 400\"><b>Paso 1:<\/b><span style=\"font-weight: 400\"> Ve a <\/span><b>Ajustes <\/b><span style=\"font-weight: 400\">&gt; <\/span><b>Conexiones <\/b><span style=\"font-weight: 400\">para iniciar la instalaci\u00f3n del eSIM.<\/span><\/li>\r\n\r\n<li style=\"font-weight: 400\"><b>Paso 2: <\/b><span style=\"font-weight: 400\">Toca <\/span><b>Administrador de tarjetas SIM<\/b><span style=\"font-weight: 400\"> (donde puedes ver las tarjetas SIM que ya est\u00e1n en tu dispositivo).<\/span><\/li>\r\n\r\n<li style=\"font-weight: 400\"><b>Paso 3:<\/b><span style=\"font-weight: 400\"> Toca <\/span><b>Agregar eSIM<\/b><span style=\"font-weight: 400\"> (tu tel\u00e9fono buscar\u00e1 un plan activo con el operador ya).<\/span><\/li>\r\n\r\n<li style=\"font-weight: 400\"><b>Paso 4<\/b><span style=\"font-weight: 400\">: Toca <strong>Escanear c\u00f3digo QR del proveedor de servicio<\/strong> &gt; <\/span><b>Agregar usando c\u00f3digo de activaci\u00f3n<\/b><span style=\"font-weight: 400\">.<\/span><\/li>\r\n\r\n<li><strong>Paso 5:<\/strong> Ingresa la informaci\u00f3n del <strong>C\u00f3digo de activaci\u00f3n<\/strong> que te proporcion\u00f3 tu operador.<\/li>\r\n\r\n<li style=\"font-weight: 400\"><b>Paso 6:<\/b><span style=\"font-weight: 400\"> Selecciona <\/span><b>Confirmar\/Agregar<\/b><span style=\"font-weight: 400\"> para guardar tu perfil de eSIM (dependiendo de tu tel\u00e9fono). Luego, ACTIVA tu eSIM para empezar a usarlo.<\/span><\/li>\r\n\r\n<\/ul>\r\n\r\n<i><span style=\"font-weight: 400\"><strong>Nota:<\/strong> Las capturas de pantalla y los men\u00fas del dispositivo pueden variar seg\u00fan el modelo del dispositivo y las versiones de software. Las gu\u00edas detalladas se adjuntar\u00e1n en el correo electr\u00f3nico.<\/span><\/i>\n\n\t\t<\/div>\n\t\t\t\t\t<\/div>\n\n\t\n\n\t<div id=\"col-1185870518\" class=\"col medium-5 small-12 large-5\"  >\n\t\t\t\t<div class=\"col-inner\"  >\n\t\t\t\n\t\t\t\n\n\t<div class=\"img has-hover x md-x lg-x y md-y lg-y\" id=\"image_727865929\">\n\t\t\t\t\t\t\t\t<div class=\"img-inner box-shadow-3 dark\" >\n\t\t\t<img decoding=\"async\" width=\"440\" height=\"864\" src=\"https:\/\/peruesim.com\/wp-content\/uploads\/sites\/29\/2023\/07\/samsung-manual-installation.gif\" class=\"attachment-original size-original\" alt=\"Samsung manual installation\" \/>\t\t\t\t\t\t\n\t\t\t\t\t<\/div>\n\t\t\t\t\t\t\t\t\n<style type=\"text\/css\">\n#image_727865929 {\n  width: 90%;\n}\n@media (min-width:550px) {\n  #image_727865929 {\n    width: 100%;\n  }\n}\n<\/style>\n\t<\/div>\n\t\n\n\n\t\t<\/div>\n\t\t\t\t\n<style type=\"text\/css\">\n#col-1185870518 > .col-inner {\n  margin: 0px 0px 0px 20px;\n}\n<\/style>\n\t<\/div>\n\n\t\n\n<\/div>\n\t<div id=\"text-2995637041\" class=\"text\">\n\t\t\n\n<h2 style=\"text-align: center\">C\u00f3mo Usar tu eSIM en Samsung<\/h2>\n\t\t\n<style type=\"text\/css\">\n#text-2995637041 {\n  text-align: center;\n  margin: 0px 0px 30px 0px;\n}\n<\/style>\n\t<\/div>\n\t\n\t<div id=\"text-1426134034\" class=\"text\">\n\t\t\n\nDespu\u00e9s de la instalaci\u00f3n, para activar el eSIM en un dispositivo Samsung al llegar a tu destino, necesitas:\r\n\r\n<ul>\r\n\r\n<li style=\"font-weight: 400\"><b>Paso 1:<\/b><span style=\"font-weight: 400\"> Ve a <\/span><b>Ajustes <\/b><span style=\"font-weight: 400\">&gt; <\/span><b>Conexiones.<\/b><\/li>\r\n\r\n<li style=\"font-weight: 400\"><b>Paso 2:<\/b><span style=\"font-weight: 400\"> Toca <\/span><b>Administrador de tarjetas SIM<\/b><span style=\"font-weight: 400\">, selecciona tu eSIM, act\u00edvalo y selecciona tu eSIM como Datos m\u00f3viles.<\/span><\/li>\r\n\r\n<li><b>Paso 3: <\/b><span style=\"font-weight: 400\">Ve a <\/span><b>Ajustes<\/b><span style=\"font-weight: 400\">, y selecciona <\/span><b>Conexiones <\/b><span style=\"font-weight: 400\">&gt; <\/span><b>Redes m\u00f3viles<\/b><span style=\"font-weight: 400\"> para activar la <\/span><b>Itinerancia de datos<\/b><span style=\"font-weight: 400\"> de tu tel\u00e9fono.<\/span><\/li>\r\n\r\n<\/ul>\n\t\t\n<style type=\"text\/css\">\n#text-1426134034 {\n  margin: 0px 0px 0px 0px;\n}\n<\/style>\n\t<\/div>\n\t\n<div class=\"row\"  id=\"row-1678115473\">\n\n\n\t<div id=\"col-1386836204\" class=\"col small-12 large-12\"  >\n\t\t\t\t<div class=\"col-inner\" style=\"background-color:rgb(242, 246, 255);\" >\n\t\t\t\n\t<div class=\"is-border\"\n\t\tstyle=\"border-width:0px 0px 0px 0px;\">\n\t<\/div>\n\t\t\t\n\n\t<div id=\"text-597333339\" class=\"text\">\n\t\t\n\n<strong>\u00a1Felicitaciones! Tu plan ya est\u00e1 instalado y listo para usar.<\/strong>\n\t\t\n<style type=\"text\/css\">\n#text-597333339 {\n  text-align: center;\n  margin: 30px 30px 30px 30px;\n}\n<\/style>\n\t<\/div>\n\t\n\n\t\t<\/div>\n\t\t\t\t\n<style type=\"text\/css\">\n#col-1386836204 > .col-inner {\n  padding: 20px 0px 20px 0px;\n  border-radius: 20px;\n}\n<\/style>\n\t<\/div>\n\n\t\n\n\n<style type=\"text\/css\">\n#row-1678115473 > .col {\n  padding: 20px 20px 20px 20px;\n}\n#row-1678115473 > .col > .col-inner {\n  border-radius: 20px;\n}\n<\/style>\n<\/div>\n<div class=\"accordion\">\n\n<div id=\"accordion-3961873566\" class=\"accordion-item\"><a id=\"accordion-3961873566-label\" href=\"#\" class=\"accordion-title plain\" aria-expanded=\"false\" aria-controls=\"accordion-3961873566-content\"><button class=\"toggle\" aria-label=\"Toggle\"><i class=\"icon-angle-down\"><\/i><\/button><span>\u00bfC\u00f3mo sabes que tu eSIM est\u00e1 activa?<\/span><\/a><div id=\"accordion-3961873566-content\" class=\"accordion-inner\" aria-labelledby=\"accordion-3961873566-label\">\n\nPuedes usar dos m\u00e9todos para comprobarlo:\r\n\r\n1. Aseg\u00farate de que el icono de se\u00f1al de tu dispositivo tenga al menos una barra.\r\n\r\n2. Ve a &#8220;<strong>Conexiones<\/strong>&#8221; y haz clic en la opci\u00f3n &#8220;<strong>Administrador de SIM<\/strong>&#8220;. Verifica que tu nuevo plan est\u00e9 activado y seleccionado como la SIM preferida para datos m\u00f3viles.\n\n<\/div><\/div>\n<div id=\"accordion-2359346913\" class=\"accordion-item\"><a id=\"accordion-2359346913-label\" href=\"#\" class=\"accordion-title plain\" aria-expanded=\"false\" aria-controls=\"accordion-2359346913-content\"><button class=\"toggle\" aria-label=\"Toggle\"><i class=\"icon-angle-down\"><\/i><\/button><span>No puedo conectarme a Internet despu\u00e9s de la configuraci\u00f3n: \u00bfQu\u00e9 hacer?<\/span><\/a><div id=\"accordion-2359346913-content\" class=\"accordion-inner\" aria-labelledby=\"accordion-2359346913-label\">\n\n<span style=\"font-weight: 400\">En caso de que no puedas acceder a Internet, configura tu APN (nombre de punto de acceso) siguiendo los pasos a continuaci\u00f3n:<\/span>\r\n\r\n<ul>\r\n\r\n<li style=\"font-weight: 400\"><b>Paso 1:<\/b><span style=\"font-weight: 400\"> Ve a <\/span><b>Ajustes <\/b><span style=\"font-weight: 400\">&gt; <\/span><b>Conexiones<\/b><b>.<\/b><\/li>\r\n\r\n<li style=\"font-weight: 400\"><b>Paso 2: <\/b><span style=\"font-weight: 400\">Selecciona <strong>Redes m\u00f3viles<\/strong>.<\/span><\/li>\r\n\r\n<li style=\"font-weight: 400\"><b>Paso 3:<\/b><span style=\"font-weight: 400\"> Selecciona <strong>Nombres de puntos de acceso<\/strong> &gt; Elige <strong>Agregar<\/strong>.<\/span><\/li>\r\n\r\n<li style=\"font-weight: 400\"><b>Paso 3:<\/b><span style=\"font-weight: 400\"> Elige el campo APN e ingresa el valor enviado por tu proveedor de eSIM.<\/span><\/li>\r\n\r\n<\/ul>\n\n<\/div><\/div>\n<div id=\"accordion-525799951\" class=\"accordion-item\"><a id=\"accordion-525799951-label\" href=\"#\" class=\"accordion-title plain\" aria-expanded=\"false\" aria-controls=\"accordion-525799951-content\"><button class=\"toggle\" aria-label=\"Toggle\"><i class=\"icon-angle-down\"><\/i><\/button><span>\u00bfC\u00f3mo eliminar una eSIM en Samsung?<\/span><\/a><div id=\"accordion-525799951-content\" class=\"accordion-inner\" aria-labelledby=\"accordion-525799951-label\">\n\n<ul>\r\n\r\n<li style=\"font-weight: 400\"><span style=\"font-weight: 400\"><strong>Paso 1:<\/strong> Ve a <\/span><b>Ajustes <\/b><span style=\"font-weight: 400\">&gt; <\/span><b>Conexiones.<\/b><\/li>\r\n\r\n<li style=\"font-weight: 400\"><span style=\"font-weight: 400\"><strong>Paso 2:<\/strong> Selecciona <\/span><b>Administrador de tarjetas SIM.<\/b><\/li>\r\n\r\n<li style=\"font-weight: 400\"><span style=\"font-weight: 400\"><strong>Paso 3:<\/strong> Selecciona el plan en eSIM que quieres eliminar.<\/span><\/li>\r\n\r\n<li style=\"font-weight: 400\"><span style=\"font-weight: 400\"><strong>Paso 4:<\/strong> Apaga un eSIM para desactivarlo.<\/span><\/li>\r\n\r\n<li style=\"font-weight: 400\"><span style=\"font-weight: 400\"><strong>Paso 5:<\/strong> Selecciona <\/span><b>Eliminar <\/b><span style=\"font-weight: 400\">para confirmar tu selecci\u00f3n.<\/span><\/li>\r\n\r\n<\/ul>\n\n<\/div><\/div>\n<div id=\"accordion-2620788475\" class=\"accordion-item\"><a id=\"accordion-2620788475-label\" href=\"#\" class=\"accordion-title plain\" aria-expanded=\"false\" aria-controls=\"accordion-2620788475-content\"><button class=\"toggle\" aria-label=\"Toggle\"><i class=\"icon-angle-down\"><\/i><\/button><span>\u00bfC\u00f3mo s\u00e9 si mi Samsung tiene eSIM?<\/span><\/a><div id=\"accordion-2620788475-content\" class=\"accordion-inner\" aria-labelledby=\"accordion-2620788475-label\">\n\nPara confirmar que tu dispositivo Samsung es compatible con eSIM, necesitas encontrar el n\u00famero IMEI de eSIM. Sigue estos pasos.\n\n<\/div><\/div>\n<div id=\"accordion-1091581198\" class=\"accordion-item\"><a id=\"accordion-1091581198-label\" href=\"#\" class=\"accordion-title plain\" aria-expanded=\"false\" aria-controls=\"accordion-1091581198-content\"><button class=\"toggle\" aria-label=\"Toggle\"><i class=\"icon-angle-down\"><\/i><\/button><span>\u00bfSamsung S22 tiene eSIM?<\/span><\/a><div id=\"accordion-1091581198-content\" class=\"accordion-inner\" aria-labelledby=\"accordion-1091581198-label\">\n\nTu tel\u00e9fono Galaxy S22 Series es compatible con una eSIM, que funciona como una tarjeta SIM f\u00edsica. Puedes usar la red de datos m\u00f3viles despu\u00e9s de activar la eSIM.\n\n<\/div><\/div>\n\n<\/div>\n\n","protected":false},"excerpt":{"rendered":"","protected":false},"author":1,"featured_media":0,"parent":5248,"menu_order":0,"comment_status":"closed","ping_status":"closed","template":"","meta":{"_acf_changed":false,"inline_featured_image":false,"footnotes":""},"acf":[],"jetpack_sharing_enabled":true,"_links":{"self":[{"href":"https:\/\/peruesim.com\/es\/wp-json\/wp\/v2\/pages\/5267"}],"collection":[{"href":"https:\/\/peruesim.com\/es\/wp-json\/wp\/v2\/pages"}],"about":[{"href":"https:\/\/peruesim.com\/es\/wp-json\/wp\/v2\/types\/page"}],"author":[{"embeddable":true,"href":"https:\/\/peruesim.com\/es\/wp-json\/wp\/v2\/users\/1"}],"replies":[{"embeddable":true,"href":"https:\/\/peruesim.com\/es\/wp-json\/wp\/v2\/comments?post=5267"}],"version-history":[{"count":0,"href":"https:\/\/peruesim.com\/es\/wp-json\/wp\/v2\/pages\/5267\/revisions"}],"up":[{"embeddable":true,"href":"https:\/\/peruesim.com\/es\/wp-json\/wp\/v2\/pages\/5248"}],"wp:attachment":[{"href":"https:\/\/peruesim.com\/es\/wp-json\/wp\/v2\/media?parent=5267"}],"curies":[{"name":"wp","href":"https:\/\/api.w.org\/{rel}","templated":true}]}}