{"id":5248,"date":"2023-02-14T13:28:16","date_gmt":"2023-02-14T13:28:16","guid":{"rendered":"https:\/\/peruesim.com\/como-instalar-esim-peru-guia-completa\/"},"modified":"2025-03-26T07:40:55","modified_gmt":"2025-03-26T07:40:55","slug":"como-instalar-esim","status":"publish","type":"page","link":"https:\/\/peruesim.com\/es\/como-instalar-esim\/","title":{"rendered":"C\u00f3mo Instalar eSIM Per\u00fa: Gu\u00eda Completa"},"content":{"rendered":"\n\t<section class=\"section\" id=\"section_1507203612\">\n\t\t<div class=\"bg section-bg fill bg-fill bg-loaded bg-loaded\" >\n\n\t\t\t\n\t\t\t\n\t\t\t\n\n\t\t<\/div>\n\n\t\t\n\n\t\t<div class=\"section-content relative\">\n\t\t\t\n\n<div class=\"row\"  id=\"row-262071562\">\n\n\n\t<div id=\"col-1375579903\" class=\"col small-12 large-12\"  >\n\t\t\t\t<div class=\"col-inner\"  >\n\t\t\t\n\t\t\t\n\n<span style=\"font-weight: 400\">Comprueba los siguientes puntos para asegurarte de que puedes instalar y activar tu eSIM correctamente:<\/span>\r\n<ul>\r\n \t<li style=\"font-weight: 400\"><span style=\"font-weight: 400\">Tu tel\u00e9fono es compatible con eSIM y est\u00e1 desbloqueado por el operador. <a href=\"https:\/\/peruesim.com\/es\/esim-moviles-compatibles\/\">Lista de dispositivos compatibles con eSIM<\/a>.<\/span><\/li>\r\n \t<li style=\"font-weight: 400\"><span style=\"font-weight: 400\">Puede acceder a una conexi\u00f3n a internet estable, preferiblemente wifi. Esto se debe a que necesitas descargar un perfil\/plan de datos eSIM en tu tel\u00e9fono para poder utilizar eSIM. Por lo tanto, se REQUIERE conexi\u00f3n a internet.<\/span><\/li>\r\n<\/ul>\r\n<span style=\"font-weight: 400\">Despu\u00e9s de comprobar si tu tel\u00e9fono es compatible con eSIM, puedes estar seguro de que puedes usarlo. Ahora, puedes instalar una eSIM para tu pr\u00f3ximo viaje.<\/span>\n\n\t\t<\/div>\n\t\t\t\t\t<\/div>\n\n\t\n\n<\/div>\n\n\t\t<\/div>\n\n\t\t\n<style type=\"text\/css\">\n#section_1507203612 {\n  padding: 30px;\n}\n#section_1507203612 .ux-shape-divider--top svg {\n  height: 150px;\n  --divider-top-width: 100%;\n}\n#section_1507203612 .ux-shape-divider--bottom svg {\n  height: 150px;\n  --divider-width: 100%;\n}\n<\/style>\n\t<\/section>\n\t\n\t<section class=\"section\" id=\"section_1434403915\">\n\t\t<div class=\"bg section-bg fill bg-fill bg-loaded bg-loaded\" >\n\n\t\t\t\n\t\t\t\n\t\t\t\n\n\t\t<\/div>\n\n\t\t\n\n\t\t<div class=\"section-content relative\">\n\t\t\t\n\n<div class=\"row\"  id=\"row-1518311145\">\n\n\n\t<div id=\"col-1201734678\" class=\"col small-12 large-12\"  >\n\t\t\t\t<div class=\"col-inner\" style=\"background-color:rgb(242, 246, 255);\" >\n\t\t\t\n\t\t\t\n\n<strong>Pasos a seguir:<\/strong>\r\n<ol>\r\n \t<li style=\"font-weight: 400\"><b>Instala<\/b><span style=\"font-weight: 400\"> tu eSIM el d\u00eda antes de tu viaje y <strong>act\u00edvala<\/strong> durante el vuelo o al llegar a tu destino. Dado que un plan de eSIM tiene una duraci\u00f3n limitada, si lo configuras con demasiada antelaci\u00f3n, no durar\u00e1 todo el viaje.\r\n<\/span><\/li>\r\n \t<li style=\"font-weight: 400\"><span style=\"font-weight: 400\">Selecciona <strong>el tipo de dispositivo<\/strong> en el que vas a instalar la eSIM (iPhone, Samsung, Google Pixel). <\/span><\/li>\r\n<\/ol>\n\n\t\t<\/div>\n\t\t\t\t\n<style type=\"text\/css\">\n#col-1201734678 > .col-inner {\n  padding: 20px 20px 20px 20px;\n  border-radius: 20px;\n}\n<\/style>\n\t<\/div>\n\n\t\n\n<\/div>\n\n\t\t<\/div>\n\n\t\t\n<style type=\"text\/css\">\n#section_1434403915 {\n  padding: 30px;\n}\n#section_1434403915 .ux-shape-divider--top svg {\n  height: 150px;\n  --divider-top-width: 100%;\n}\n#section_1434403915 .ux-shape-divider--bottom svg {\n  height: 150px;\n  --divider-width: 100%;\n}\n<\/style>\n\t<\/section>\n\t\n\t<section class=\"section\" id=\"section_947833833\">\n\t\t<div class=\"bg section-bg fill bg-fill bg-loaded bg-loaded\" >\n\n\t\t\t\n\t\t\t\n\t\t\t\n\n\t\t<\/div>\n\n\t\t\n\n\t\t<div class=\"section-content relative\">\n\t\t\t\n\n<div class=\"row\"  id=\"row-165377591\">\n\n\n\t<div id=\"col-687269141\" class=\"col small-12 large-12\"  >\n\t\t\t\t<div class=\"col-inner\"  >\n\t\t\t\n\t\t\t\n\n\t<div id=\"text-1481401332\" class=\"text\">\n\t\t\n\n<h2><span style=\"font-size: 100%\">\u00bfC\u00f3mo instalar una eSIM en diferentes dispositivos?<\/span><\/h2>\n\t\t\n<style type=\"text\/css\">\n#text-1481401332 {\n  text-align: left;\n  margin: 0px 0px 20px 0px;\n}\n<\/style>\n\t<\/div>\n\t\n<span style=\"font-weight: 400\">Cada dispositivo tendr\u00e1 pasos ligeramente diferentes para instalar y activar la eSIM. A continuaci\u00f3n, selecciona el dispositivo en el que vas a instalar la eSIM tur\u00edstica para ver las instrucciones paso a paso y una pr\u00e1ctica videogu\u00eda:<\/span>\n\n\t\t<\/div>\n\t\t\t\t\t<\/div>\n\n\t\n\n<\/div>\n<div class=\"row\"  id=\"row-1264969928\">\n\n\n\t<div id=\"col-1149387525\" class=\"col small-12 large-12\"  >\n\t\t\t\t<div class=\"col-inner text-center\"  >\n\t\t\t\n\t\t\t\n\n<h3 style=\"text-align: center\"><span style=\"font-size: 100%\">Selecciona el dispositivo en el que vas a instalar una eSIM<\/span><\/h3>\n<a href=\"https:\/\/peruesim.com\/es\/como-instalar-esim\/iphone\/\" target=\"_self\" class=\"button primary is-outline lowercase\"  style=\"border-radius:99px;\">\n    <span>iPhone<\/span>\n  <\/a>\n\n\n<a href=\"https:\/\/peruesim.com\/es\/como-instalar-esim\/samsung\/\" target=\"_self\" class=\"button primary is-outline lowercase\"  style=\"border-radius:99px;\">\n    <span>Samsung<\/span>\n  <\/a>\n\n\n<a href=\"https:\/\/peruesim.com\/es\/como-instalar-esim\/google-pixel\/\" target=\"_self\" class=\"button primary is-outline lowercase\"  style=\"border-radius:99px;\">\n    <span>Google Pixel<\/span>\n  <\/a>\n\n\n\n\t\t<\/div>\n\t\t\t\t\t<\/div>\n\n\t\n\n<\/div>\n\n\t\t<\/div>\n\n\t\t\n<style type=\"text\/css\">\n#section_947833833 {\n  padding: 30px;\n}\n#section_947833833 .ux-shape-divider--top svg {\n  height: 150px;\n  --divider-top-width: 100%;\n}\n#section_947833833 .ux-shape-divider--bottom svg {\n  height: 150px;\n  --divider-width: 100%;\n}\n<\/style>\n\t<\/section>\n\t\n\t<section class=\"section\" id=\"section_1372886774\">\n\t\t<div class=\"bg section-bg fill bg-fill bg-loaded bg-loaded\" >\n\n\t\t\t\n\t\t\t\n\t\t\t\n\n\t\t<\/div>\n\n\t\t\n\n\t\t<div class=\"section-content relative\">\n\t\t\t\n\n<div class=\"row\"  id=\"row-1551590602\">\n\n\n\t<div id=\"col-2144093152\" class=\"col small-12 large-12\"  >\n\t\t\t\t<div class=\"col-inner text-left\"  >\n\t\t\t\n\t\t\t\n\n\t<div id=\"text-4284479438\" class=\"text\">\n\t\t\n\n<h2><span style=\"font-size: 100%\">\u00bfQu\u00e9 necesitas saber sobre la instalaci\u00f3n de una eSIM?<\/span><\/h2>\n\t\t\n<style type=\"text\/css\">\n#text-4284479438 {\n  text-align: left;\n  margin: 0px 0px 20px 0px;\n}\n<\/style>\n\t<\/div>\n\t\n<ul>\r\n<li>Hay dos maneras de instalar una eSIM en tu dispositivo:<\/li>\r\n<li style=\"list-style-type: none\">\r\n<ul>\r\n<li>M\u00e9todo de c\u00f3digo QR<\/li>\r\n<li>M\u00e9todo manual<\/li>\r\n<\/ul>\r\n<\/li>\r\n<li>Aunque te guiaremos en ambos m\u00e9todos, el m\u00e9todo de c\u00f3digo QR es el m\u00e1s recomendable.<\/li>\r\n<li>La configuraci\u00f3n deber\u00eda tardar solo entre 2 y 3 minutos.<\/li>\r\n<\/ul>\n\n\t\t<\/div>\n\t\t\t\t\t<\/div>\n\n\t\n\n<\/div>\n\n\t\t<\/div>\n\n\t\t\n<style type=\"text\/css\">\n#section_1372886774 {\n  padding: 30px;\n}\n#section_1372886774 .ux-shape-divider--top svg {\n  height: 150px;\n  --divider-top-width: 100%;\n}\n#section_1372886774 .ux-shape-divider--bottom svg {\n  height: 150px;\n  --divider-width: 100%;\n}\n<\/style>\n\t<\/section>\n\t\n\t<section class=\"section\" id=\"section_1079058695\">\n\t\t<div class=\"bg section-bg fill bg-fill bg-loaded bg-loaded\" >\n\n\t\t\t\n\t\t\t\n\t\t\t\n\n\t\t<\/div>\n\n\t\t\n\n\t\t<div class=\"section-content relative\">\n\t\t\t\n\n<div class=\"row\"  id=\"row-129441788\">\n\n\n\t<div id=\"col-1195096883\" class=\"col small-12 large-12\"  >\n\t\t\t\t<div class=\"col-inner\"  >\n\t\t\t\n\t\t\t\n\n\t<div id=\"text-3113399586\" class=\"text\">\n\t\t\n\n<h2><span style=\"font-size: 100%\">Preguntas Frecuentes<\/span><\/h2>\n\t\t\n<style type=\"text\/css\">\n#text-3113399586 {\n  text-align: left;\n  margin: 0px 0px 20px 0px;\n}\n<\/style>\n\t<\/div>\n\t\n<div class=\"accordion\">\n\n<div id=\"accordion-3211214115\" class=\"accordion-item\"><a id=\"accordion-3211214115-label\" href=\"#\" class=\"accordion-title plain\" aria-expanded=\"false\" aria-controls=\"accordion-3211214115-content\"><button class=\"toggle\" aria-label=\"Toggle\"><i class=\"icon-angle-down\"><\/i><\/button><span>\u00bfCu\u00e1ndo debo instalar una eSIM?<\/span><\/a><div id=\"accordion-3211214115-content\" class=\"accordion-inner\" aria-labelledby=\"accordion-3211214115-label\">\n\nLa validez comenzar\u00e1 inmediatamente despu\u00e9s de la instalaci\u00f3n, por lo que se recomienda instalar la eSIM un d\u00eda antes de la salida.\n\n<\/div><\/div>\n<div id=\"accordion-974090301\" class=\"accordion-item\"><a id=\"accordion-974090301-label\" href=\"#\" class=\"accordion-title plain\" aria-expanded=\"false\" aria-controls=\"accordion-974090301-content\"><button class=\"toggle\" aria-label=\"Toggle\"><i class=\"icon-angle-down\"><\/i><\/button><span>\u00bfQu\u00e9 preparar al instalar una eSIM?<\/span><\/a><div id=\"accordion-974090301-content\" class=\"accordion-inner\" aria-labelledby=\"accordion-974090301-label\">\n\nPara instalar correctamente la eSIM, necesitas:\r\n&#8211; Un dispositivo compatible con eSIM y desbloqueado\r\n&#8211; Una conexi\u00f3n de datos\r\n&#8211; Un c\u00f3digo de activaci\u00f3n de la eSIM enviado por tu operador de eSIM\n\n<\/div><\/div>\n<div id=\"accordion-2459404846\" class=\"accordion-item\"><a id=\"accordion-2459404846-label\" href=\"#\" class=\"accordion-title plain\" aria-expanded=\"false\" aria-controls=\"accordion-2459404846-content\"><button class=\"toggle\" aria-label=\"Toggle\"><i class=\"icon-angle-down\"><\/i><\/button><span>\u00bfQu\u00e9 puedo hacer si no puedo instalar la eSIM a\u00fan siguiendo las instrucciones?<\/span><\/a><div id=\"accordion-2459404846-content\" class=\"accordion-inner\" aria-labelledby=\"accordion-2459404846-label\">\n\nNo te preocupes. <a href=\"https:\/\/peruesim.com\/es\">peruesim.com<\/a> ofrece soporte 24\/7. Puedes contactar con una eSIM para obtener asistencia inmediata.\n\n<\/div><\/div>\n\n<\/div>\n\n\t\t<\/div>\n\t\t\t\t\t<\/div>\n\n\t\n\n<\/div>\n\n\t\t<\/div>\n\n\t\t\n<style type=\"text\/css\">\n#section_1079058695 {\n  padding: 30px;\n}\n#section_1079058695 .ux-shape-divider--top svg {\n  height: 150px;\n  --divider-top-width: 100%;\n}\n#section_1079058695 .ux-shape-divider--bottom svg {\n  height: 150px;\n  --divider-width: 100%;\n}\n<\/style>\n\t<\/section>\n\t\n\n","protected":false},"excerpt":{"rendered":"","protected":false},"author":1,"featured_media":4833,"parent":0,"menu_order":0,"comment_status":"closed","ping_status":"closed","template":"","meta":{"_acf_changed":false,"inline_featured_image":false,"footnotes":""},"acf":[],"jetpack_sharing_enabled":true,"_links":{"self":[{"href":"https:\/\/peruesim.com\/es\/wp-json\/wp\/v2\/pages\/5248"}],"collection":[{"href":"https:\/\/peruesim.com\/es\/wp-json\/wp\/v2\/pages"}],"about":[{"href":"https:\/\/peruesim.com\/es\/wp-json\/wp\/v2\/types\/page"}],"author":[{"embeddable":true,"href":"https:\/\/peruesim.com\/es\/wp-json\/wp\/v2\/users\/1"}],"replies":[{"embeddable":true,"href":"https:\/\/peruesim.com\/es\/wp-json\/wp\/v2\/comments?post=5248"}],"version-history":[{"count":0,"href":"https:\/\/peruesim.com\/es\/wp-json\/wp\/v2\/pages\/5248\/revisions"}],"wp:featuredmedia":[{"embeddable":true,"href":"https:\/\/peruesim.com\/es\/wp-json\/wp\/v2\/media\/4833"}],"wp:attachment":[{"href":"https:\/\/peruesim.com\/es\/wp-json\/wp\/v2\/media?parent=5248"}],"curies":[{"name":"wp","href":"https:\/\/api.w.org\/{rel}","templated":true}]}}