{"id":5242,"date":"2023-02-09T03:40:31","date_gmt":"2023-02-09T03:40:31","guid":{"rendered":"https:\/\/peruesim.com\/lista-de-dispositivos-compatibles-con-esim-para-peru\/"},"modified":"2025-03-25T04:54:50","modified_gmt":"2025-03-25T04:54:50","slug":"esim-moviles-compatibles","status":"publish","type":"page","link":"https:\/\/peruesim.com\/es\/esim-moviles-compatibles\/","title":{"rendered":"Lista de Dispositivos Compatibles con eSIM para Per\u00fa"},"content":{"rendered":"\n<p>La eSIM ha transformado la forma en que las personas se conectan a internet. Puedes activar y acceder a la red sin cambiar de tarjeta SIM f\u00edsica, lo que te ofrece mayor flexibilidad y comodidad para gestionar tus servicios m\u00f3viles.<\/p>\n\n\n\n<p>Analicemos los dispositivos compatibles con eSIM de Per\u00fa que pueden ser muy \u00fatiles si eres un viajero habitual o simplemente quieres una forma m\u00e1s conveniente de administrar tus dispositivos m\u00f3viles en Per\u00fa.<\/p>\n\n\n\n<figure class=\"wp-block-image size-large\"><img decoding=\"async\" src=\"https:\/\/peruesim.com\/wp-content\/uploads\/sites\/29\/2023\/08\/20230810051114-64d471726d533.jpg\" alt=\"Lista de dispositivos compatibles con eSIM de Per\u00fa\" class=\"wp-image-3273\" \/><figcaption class=\"wp-element-caption\">Lista de dispositivos compatibles con eSIM<\/figcaption><\/figure>\n\n\n\n<div class=\"wp-block-rank-math-toc-block\" id=\"rank-math-toc\"><h2>Table of Contents<\/h2><nav><div><div><a href=\"#1-lista-de-dispositivos-compatibles-con-e-sim-telefonos\">1. Lista de Dispositivos Compatibles con eSIM (Tel\u00e9fonos)<\/a><\/div><div><a href=\"#2-relojes-inteligentes-compatibles-con-e-sim\">2. Relojes Inteligentes Compatibles con eSIM<\/a><\/div><div><a href=\"#3-portatiles-compatibles-con-e-sim\">3. Port\u00e1tiles Compatibles con eSIM<\/a><\/div><div><a href=\"#4-tabletas-compatibles-con-e-sim\">4. Tabletas Compatibles con eSIM<\/a><\/div><\/div><\/nav><\/div>\n\n\n\n<h2 class=\"wp-block-heading\" id=\"1-lista-de-dispositivos-compatibles-con-e-sim-telefonos\">1. Lista de Dispositivos Compatibles con eSIM (Tel\u00e9fonos)<\/h2>\n\n\n\n<p>Muchos smartphones, tablets, smartwatches y port\u00e1tiles modernos son compatibles con eSIM, lo que ofrece mayor flexibilidad, especialmente para viajeros. A continuaci\u00f3n, se muestra una lista de dispositivos compatibles con eSIM.<\/p>\n\n\n\n<h3 class=\"wp-block-heading\" id=\"1-1-apple-e-sim-phones\">1.1. Dispositivos de Apple:<\/h3>\n\n\n\n<div class=\"lazyblock-ggg-guide-esim-iphone-ZEwPro wp-block-lazyblock-ggg-guide-esim-iphone\"><ul><li>iPhone 17, iPhone Air, iPhone 17 Pro, iPhone 17 Pro Max<\/li><li>iPhone 16, iPhone 16e, iPhone 16 Plus, iPhone 16 Pro, iPhone 16 Pro Max*<\/li><li>iPhone 15, iPhone 15 Plus, iPhone 15 Pro, iPhone 15 Pro Max*<\/li><li>iPhone 14, iPhone 14 Plus, iPhone 14 Pro, iPhone 14 Pro Max*<\/li><li>iPhone 13, iPhone 13 Pro, iPhone 13 Pro Max, iPhone 13 Mini*<\/li><li>iPhone 12, iPhone 12 Mini, iPhone 12 Pro, iPhone 12 Pro Max*<\/li><li>iPhone 11, iPhone 11 Pro, iPhone 11 Pro Max<\/li><li>iPhone XS, iPhone XS Max, iPhone XR<\/li><li>iPhone SE (2020), iPhone SE (2022)<\/li><\/ul><\/div>\n\n\n\n<div class=\"wp-block-group gigago-block-background\"><div class=\"wp-block-group__inner-container is-layout-constrained wp-block-group-is-layout-constrained\">\n<p><em><strong>Notas:<\/strong><\/em><\/p>\n\n\n\n<ul>\n<li>Los iPhones de China continental NO admiten eSIM.<\/li>\n\n\n\n<li>Los iPhones de Hong Kong y Macao (excepto el iPhone 13 mini, iPhone 12 mini, iPhone SE 2020 y iPhone XS) NO admiten eSIM.<\/li>\n<\/ul>\n\n\n\n<p>Conoce m\u00e1s sobre: \u200b\u200b<a href=\"https:\/\/peruesim.com\/es\/como-instalar-esim\/iphone\/\">C\u00f3mo instalar eSIM en iPhone<\/a><\/p>\n<\/div><\/div>\n\n\n\n<h3 class=\"wp-block-heading\" id=\"1-2-samsung-e-sim-phones\">1.2. Samsung:<\/h3>\n\n\n\n<div class=\"lazyblock-ggg-guide-esim-samsung-Mfi4H wp-block-lazyblock-ggg-guide-esim-samsung\"><ul><li>Samsung Galaxy S26 Ultra<\/li><li>Samsung Galaxy S26+<\/li><li>Samsung Galaxy S26<\/li><li>Samsung Galaxy S25 Ultra<\/li><li>Samsung Galaxy S25+<\/li><li>Samsung Galaxy S25<\/li><li>Samsung Galaxy S24 Ultra<\/li><li>Samsung Galaxy S24+<\/li><li>Samsung Galaxy S24<\/li><li>Samsung Galaxy S23 Ultra<\/li><li>Samsung Galaxy S23+<\/li><li>Samsung Galaxy S23*<\/li><li>Samsung Galaxy S22 Ultra 5G<\/li><li>Samsung Galaxy S22+ 5G<\/li><li>Samsung Galaxy S22 5G<\/li><li>Samsung Galaxy S21 Ultra 5G<\/li><li>Samsung Galaxy S21 5G<\/li><li>Samsung Galaxy S21+ 5G<\/li><li>Samsung Galaxy S20<\/li><li>Samsung Galaxy S20+<\/li><li>Samsung Galaxy Note 20+<\/li><li>Samsung Galaxy Note 20<\/li><li>Samsung Galaxy Note 20 Ultra<\/li><li style=\"font-weight: 400;\"><span style=\"font-weight: 400;\">Samsung Galaxy Z Flip<\/span><\/li><li style=\"font-weight: 400;\"><span style=\"font-weight: 400;\">Samsung Galaxy Z Flip3 5G<\/span><\/li><li style=\"font-weight: 400;\"><span style=\"font-weight: 400;\">Samsung Galaxy Z Flip4<\/span><span style=\"font-weight: 400; color: #ed1c24;\">*<\/span><\/li><li><span style=\"font-weight: 400;\">Samsung Galaxy Z Flip5<\/span><\/li><li><span style=\"font-weight: 400;\">Samsung Galaxy Z Flip6<\/span><\/li><li><span style=\"font-weight: 400;\">Samsung Galaxy Z Flip7<\/span><\/li><li><span style=\"font-weight: 400;\">Samsung Galaxy Z Flip7 FE<\/span><\/li><li style=\"font-weight: 400;\"><span style=\"font-weight: 400;\">Samsung Galaxy Z Fold<\/span><\/li><li style=\"font-weight: 400;\"><span style=\"font-weight: 400;\">Samsung Galaxy Z Fold2<\/span><\/li><li style=\"font-weight: 400;\"><span style=\"font-weight: 400;\">Samsung Galaxy Z Fold3<\/span><\/li><li style=\"font-weight: 400;\"><span style=\"font-weight: 400;\">Samsung Galaxy Z Fold4<\/span><span style=\"font-weight: 400; color: #ed1c24;\">*<\/span><\/li><li><span style=\"font-weight: 400;\">Samsung Galaxy Z Fold5<\/span><\/li><li><span style=\"font-weight: 400;\">Samsung Galaxy Z Fold6<\/span><\/li><li><span style=\"font-weight: 400;\">Samsung Galaxy Z Fold7<\/span><\/li><\/ul><\/div>\n\n\n\n<div class=\"wp-block-group gigago-block-background\"><div class=\"wp-block-group__inner-container is-layout-constrained wp-block-group-is-layout-constrained\">\n<p><strong><em>Notas:<\/em> <\/strong>Los siguientes tel\u00e9fonos Samsung NO admiten eSIM<\/p>\n\n\n\n<ul>\n<li>Las series Samsung S20\/S21 FE, Samsung Note 20 Ultra y Samsung Galaxy Z Fold 2 son originarios de Hong Kong; los dispositivos Samsung son originarios de EE. UU. y Canad\u00e1.<\/li>\n\n\n\n<li>Para la serie Samsung S21 (con la excepci\u00f3n de los modelos FE) para Canad\u00e1 y EE. UU., si ya tiene One UI 4, esta actualizaci\u00f3n puede agregar la capacidad eSIM a su dispositivo.<\/li>\n<\/ul>\n\n\n\n<ul>\n<li>Conoce m\u00e1s sobre: \u200b\u200b<a href=\"https:\/\/peruesim.com\/es\/como-instalar-esim\/samsung\/\">C\u00f3mo instalar eSIM en Samsung<\/a><\/li>\n<\/ul>\n<\/div><\/div>\n\n\n\n<h3 class=\"wp-block-heading\" id=\"1-3-list-of-e-sim-compatible-devices-google-pixel\">1.3. Google Pixel<\/h3>\n\n\n\n<div class=\"lazyblock-ggg-guide-esim-google-pixel-QtmXq wp-block-lazyblock-ggg-guide-esim-google-pixel\"><ul><li>Google Pixel 10, Pixel 10 Pro Fold, Pixel 10 Pro, Pixel 10 Pro XL, Pixel 10a<\/li><li>Google Pixel 9 Pro Fold<\/li><li>Google Pixel 9, Pixel 9 Pro, Pixel 9 Pro XL<\/li><li>Google Pixel Fold<\/li><li>Google Pixel 8, 8 Pro<\/li><li>Google Pixel 7, 7 Pro<\/li><li>Google Pixel 6, 6a, 6 Pro<\/li><li>Google Pixel 5<\/li><li>Google Pixel 4, 4a, 4 XL<\/li><li>Google Pixel 3, 3 XL<\/li><li>Google Pixel 3, 3a XL<\/li><\/ul><\/div>\n\n\n\n<div class=\"wp-block-group gigago-block-background\"><div class=\"wp-block-group__inner-container is-layout-constrained wp-block-group-is-layout-constrained\">\n<p><em><strong>Notas<\/strong>: <\/em><\/p>\n\n\n\n<ul>\n<li><strong>Pixel 4 y posteriores:<\/strong>&nbsp;Todos los tel\u00e9fonos&nbsp;funcionan con eSIM.<\/li>\n\n\n\n<li><strong>Pixel 3a:<\/strong>Los tel\u00e9fonos comprados con servicio de Verizon o en Jap\u00f3n no funcionan con eSIM.<\/li>\n\n\n\n<li><strong>Pixel 3:&nbsp;<\/strong>Los tel\u00e9fonos comprados con servicio de cualquier operador estadounidense o canadiense que no sea Sprint ni Google Fi no funcionan con eSIM. Los tel\u00e9fonos comprados en Australia, Taiw\u00e1n y Jap\u00f3n tampoco funcionan con eSIM.<\/li>\n\n\n\n<li><strong>Pixel 2: <\/strong>Solo los tel\u00e9fonos comprados con el servicio Google Fi funcionan con&nbsp;eSIM.<\/li>\n\n\n\n<li><strong>Pixel (2016)<\/strong>: Ning\u00fan tel\u00e9fono funciona con eSIM.<\/li>\n\n\n\n<li>Conoce m\u00e1s sobre: \u200b\u200b<a href=\"https:\/\/peruesim.com\/es\/google-pixel-3\/\">C\u00f3mo instalar eSIM en Google Pixel<\/a><\/li>\n<\/ul>\n<\/div><\/div>\n\n\n\n<h3 class=\"wp-block-heading\" id=\"1-4-other-phones-with-e-sim\">1.4. Otros tel\u00e9fonos con eSIM<\/h3>\n\n\n\n<p>Adem\u00e1s de los dispositivos populares como en las listas anteriores, hay muchos otros tel\u00e9fonos de otros fabricantes que admiten eSIM.<\/p>\n\n\n\n<div class=\"lazyblock-ggg-guide-esim-other-1BDuoT wp-block-lazyblock-ggg-guide-esim-other\"><p><strong>Xiaomi:<\/strong><\/p><ul><li>Xiaomi 15<\/li><li>Xiaomi 15 Ultra<\/li><li>Xiaomi 14 T\/14 T Pro<\/li><\/ul><p><strong>OPPO:<\/strong><\/p><ul><li>Find X8\/X8 Pro<\/li><li>Find N3\/N3 Flip<\/li><\/ul><p><strong>Huawei:<\/strong><\/p><ul><li>Pura 70 Pro<\/li><li>Mate 40 Pro<\/li><li>P40\/P40 Pro<\/li><li>P50 Pro<\/li><\/ul><p>Sony:<\/p><ul><li>Xperia 1 VI<\/li><li>Xperia 5 V<\/li><li>Xperia 10 VI<\/li><\/ul><p><strong>Motorola:<\/strong><\/p><ul><li>Razr 40\/40 Ultra\/2024<\/li><li>Edge 50\/60 series<\/li><li>Moto G54\/84\/35<\/li><\/ul><p><strong>Others:<\/strong><\/p><ul><li>Nothing Phone 3\/3a Pro<\/li><li>OnePlus 11-13 T<\/li><li>Sharp Aquos R8\/R8 Pro<\/li><li>Honor Magic V3\/200 Pro<\/li><li>Vivo X200 Pro\u2026<\/li><\/ul><\/div>\n\n\n\n<p class=\"gigago-block-background\"><em>Notas: Regiones que no admiten tarjetas SIM duales en los tel\u00e9fonos Oppo: Australia (Telstra y Optus) y Jap\u00f3n (KDDI).<\/em><\/p>\n\n\n\n<h2 class=\"wp-block-heading\" id=\"2-relojes-inteligentes-compatibles-con-e-sim\">2. Relojes Inteligentes Compatibles con eSIM<\/h2>\n\n\n\n<div class=\"lazyblock-ggg-guide-esim-other-1BDuoT wp-block-lazyblock-ggg-guide-esim-other\"><h4>1.2.1. Apple Watches:<\/h4><ul><li>Apple Watch S3, S4, S5, S6<\/li><li>Apple Watch Nike, Apple Watch Nike+<\/li><li>Apple Watch Hermes<\/li><li>Apple Watch Edition<\/li><\/ul><h4>1.2.2. Samsung Smartwatches:<\/h4><ul><li>Samsung Gear S2 Classic 3G<\/li><li>Samsung Gear S3 Frontier LTE<\/li><li>Samsung Galaxy Watch LTE<\/li><\/ul><\/div>\n\n\n\n<h2 class=\"wp-block-heading\" id=\"3-portatiles-compatibles-con-e-sim\">3. Port\u00e1tiles Compatibles con eSIM<\/h2>\n\n\n\n<p>Actualmente, solo est\u00e1n disponibles los port\u00e1tiles con Windows eSIM; Apple a\u00fan no ha lanzado una MacBook con eSIM.<\/p>\n\n\n\n<p>Echa un vistazo a la lista de port\u00e1tiles con capacidad eSIM.<\/p>\n\n\n\n<div class=\"lazyblock-ggg-guide-esim-other-1BDuoT wp-block-lazyblock-ggg-guide-esim-other\"><h4 id=\"1-3-1-acer-e-sim-laptops\">1.3.1. Acer eSIM Laptops<\/h4><ul><li>Acer Swift 3<\/li><li>Acer Swift 7<\/li><li>Acer Travel<\/li><li>Mate P2<\/li><li>Mate Spin P4<\/li><li>Mate P6<\/li><\/ul><h4 id=\"1-3-2-asus-e-sim-laptops\">1.3.2. ASUS eSIM Laptops<\/h4><ul><li>ASUS Mini Transformer T103HAF<\/li><li>ASUS NovaGo TP370QL<\/li><li>ASUS VivoBook Flip 14 TP401NA<\/li><\/ul><h4 id=\"1-3-3-dell-e-sim-laptops\">1.3.3. Dell eSIM Laptops<\/h4><ul><li>Dell Latitude 7210 2-in-1<\/li><li>Dell Latitude 9410<\/li><li>Dell Latitude 7310<\/li><li>Dell Latitude 7410<\/li><li>Dell Latitude 9510<\/li><li>Dell Latitude 5410<\/li><li>Dell Latitude 5411<\/li><li>Dell Latitude 5511<\/li><\/ul><h4 id=\"1-3-4-hp-e-sim-laptops\">1.3.4. HP eSIM Laptops<\/h4><ul><li>HP Elitebook G5<\/li><li>HP Probook G5<\/li><li>HP Zbook G5<\/li><li>HP Spectre Folio 13<\/li><\/ul><h4 id=\"1-3-5-lenovo-e-sim-laptops\">1.3.5. Lenovo eSIM Laptops<\/h4><ul><li>ThinkPad X1 Titanium Yoga 2 in 1<\/li><li>ThinkPad X1 Carbon Gen 9<\/li><li>ThinkPad X1 Fold<\/li><li>ThinkPad X1 Nano<\/li><li>ThinkPad X12 Detachable<\/li><li>Lenovo Flex 5G<\/li><li>Lenovo Yoga C630<\/li><li>Lenovo Miix 630<\/li><li>Lenovo Yoga 520<\/li><li>Lenovo Yoga 720 (2-in-1 models)<\/li><\/ul><\/div>\n\n\n\n<h2 class=\"wp-block-heading\" id=\"4-tabletas-compatibles-con-e-sim\">4. Tabletas Compatibles con eSIM<\/h2>\n\n\n\n<p>Las siguientes tabletas admiten una eSIM:<\/p>\n\n\n\n<div class=\"lazyblock-ggg-guide-esim-other-1BDuoT wp-block-lazyblock-ggg-guide-esim-other\"><h4>1.4.1. Apple tablets:<\/h4><ul><li>iPad (7th gen > 11th gen 2025)<\/li><li>iPad Air 3 > Air 13 M3<\/li><li>iPad Pro 11-inch & 13-inch (M4) eSIM-only <\/li><li>iPad mini 5\/6<\/li><\/ul><h4>1.4.2. Samsung tablets:<\/h4><ul><li>Samsung Galaxy Tab S9<\/li><li>Samsung Galaxy Tab S9+<\/li><li>Samsung Galaxy Tab S9 Ultra<\/li><li>Samsung Galaxy Tab S9 FE<\/li><li>Samsung Galaxy Tab S9 FE+<\/li><\/ul><h4>1.4.3. Other tablets:<\/h4><ul><li>Microsoft Surface Pro (5th and 7th Gen onwards)<\/li><li>Microsoft Surface Pro X (5th Gen onwards)<\/li><\/ul><\/div>\n\n\n<div class=\"lazyblock-ggg-custom-block-23Wbj9 wp-block-lazyblock-ggg-custom-block\"><div class=\"ggg-custom-shortcode gigago-block-blue\">\n    <div class=\"ggg-shortcode-content\">\n        <p>Other devices support eSIM such as laptops, and some other phone models. Research carefully before make a purchase.<\/p>    <\/div>\n<\/div><\/div>\n\n\n<p>Desde iPhones y tel\u00e9fonos Samsung Galaxy hasta dispositivos Google Pixel y m\u00e1s, hay una amplia gama de dispositivos compatibles con eSIM, incluyendo smartwatches, laptops y tablets. Elegir una eSIM simplifica tu viaje a Per\u00fa, asegur\u00e1ndote de mantenerte conectado y disfrutar de una experiencia sin complicaciones.<\/p>\n","protected":false},"excerpt":{"rendered":"<p>La eSIM ha transformado la forma en que las personas se conectan a internet. Puedes activar y acceder a la red sin cambiar de tarjeta SIM f\u00edsica, lo que te ofrece mayor flexibilidad y comodidad para gestionar tus servicios m\u00f3viles. Analicemos los dispositivos compatibles con eSIM de Per\u00fa que pueden ser muy \u00fatiles si eres [&#8230;]\n","protected":false},"author":4,"featured_media":4987,"parent":0,"menu_order":0,"comment_status":"closed","ping_status":"closed","template":"page-right-sidebar.php","meta":{"_acf_changed":false,"inline_featured_image":false,"footnotes":""},"acf":[],"jetpack_sharing_enabled":true,"_links":{"self":[{"href":"https:\/\/peruesim.com\/es\/wp-json\/wp\/v2\/pages\/5242"}],"collection":[{"href":"https:\/\/peruesim.com\/es\/wp-json\/wp\/v2\/pages"}],"about":[{"href":"https:\/\/peruesim.com\/es\/wp-json\/wp\/v2\/types\/page"}],"author":[{"embeddable":true,"href":"https:\/\/peruesim.com\/es\/wp-json\/wp\/v2\/users\/4"}],"replies":[{"embeddable":true,"href":"https:\/\/peruesim.com\/es\/wp-json\/wp\/v2\/comments?post=5242"}],"version-history":[{"count":0,"href":"https:\/\/peruesim.com\/es\/wp-json\/wp\/v2\/pages\/5242\/revisions"}],"wp:featuredmedia":[{"embeddable":true,"href":"https:\/\/peruesim.com\/es\/wp-json\/wp\/v2\/media\/4987"}],"wp:attachment":[{"href":"https:\/\/peruesim.com\/es\/wp-json\/wp\/v2\/media?parent=5242"}],"curies":[{"name":"wp","href":"https:\/\/api.w.org\/{rel}","templated":true}]}}