{"id":5237,"date":"2023-02-17T18:18:42","date_gmt":"2023-02-17T18:18:42","guid":{"rendered":"https:\/\/peruesim.com\/contacto\/"},"modified":"2025-03-25T04:28:24","modified_gmt":"2025-03-25T04:28:24","slug":"contacto","status":"publish","type":"page","link":"https:\/\/peruesim.com\/es\/contacto\/","title":{"rendered":"Contacto"},"content":{"rendered":"\nPuedes ponerte en contacto con nuestro equipo de soporte las 24 horas del d\u00eda, los 7 d\u00edas de la semana y los 365 d\u00edas del a\u00f1o. Simplemente env\u00eda un mensaje a nuestro correo electr\u00f3nico o habla con peruesim.com a trav\u00e9s del chat online:\r\n<ul>\r\n \t<li><strong>Correo electr\u00f3nico:\u00a0<\/strong><a href=\"mailto:hola@peruesim.com\">hola@peruesim.com<\/a><\/li>\r\n \t<li><strong>Whatsapp 24 horas al d\u00eda, 7 d\u00edas a la semana<\/strong>:\u00a0<a href=\"https:\/\/wa.me\/message\/UL3SFQH6HXZVG1\" target=\"_blank\" rel=\"noopener\">+1 341-999-3799<\/a><\/li>\r\n<\/ul>\r\n<strong>Visite nuestra Oficina Central en Lima, Per\u00fa:<\/strong>\r\n<ul>\r\n \t<li>Edificio Real Ocho, Calle Chinch\u00f3n 980, San Isidro, Lima, Per\u00fa<\/li>\r\n<\/ul>\n<a href=\"https:\/\/peruesim.com\/es\/sobre-nosotros\/\" target=\"_self\" class=\"button primary is-link\">\n    <span>VER M\u00c1S SOBRE NOSOTROS<\/span>\n  <i class=\"icon-angle-right\" aria-hidden=\"true\" ><\/i><\/a>\n\n\n\n","protected":false},"excerpt":{"rendered":"","protected":false},"author":1,"featured_media":4610,"parent":0,"menu_order":0,"comment_status":"closed","ping_status":"closed","template":"","meta":{"_acf_changed":false,"inline_featured_image":false,"footnotes":""},"acf":[],"jetpack_sharing_enabled":true,"_links":{"self":[{"href":"https:\/\/peruesim.com\/es\/wp-json\/wp\/v2\/pages\/5237"}],"collection":[{"href":"https:\/\/peruesim.com\/es\/wp-json\/wp\/v2\/pages"}],"about":[{"href":"https:\/\/peruesim.com\/es\/wp-json\/wp\/v2\/types\/page"}],"author":[{"embeddable":true,"href":"https:\/\/peruesim.com\/es\/wp-json\/wp\/v2\/users\/1"}],"replies":[{"embeddable":true,"href":"https:\/\/peruesim.com\/es\/wp-json\/wp\/v2\/comments?post=5237"}],"version-history":[{"count":0,"href":"https:\/\/peruesim.com\/es\/wp-json\/wp\/v2\/pages\/5237\/revisions"}],"wp:featuredmedia":[{"embeddable":true,"href":"https:\/\/peruesim.com\/es\/wp-json\/wp\/v2\/media\/4610"}],"wp:attachment":[{"href":"https:\/\/peruesim.com\/es\/wp-json\/wp\/v2\/media?parent=5237"}],"curies":[{"name":"wp","href":"https:\/\/api.w.org\/{rel}","templated":true}]}}